{"id":2367,"date":"2023-05-06T10:30:34","date_gmt":"2023-05-06T13:30:34","guid":{"rendered":"http:\/\/localhost\/sites\/medrio\/politica-de-privacidade\/"},"modified":"2023-06-27T10:45:43","modified_gmt":"2023-06-27T13:45:43","slug":"politica-de-privacidade","status":"publish","type":"page","link":"https:\/\/teste.spcheckup.com.br\/en\/politica-de-privacidade\/","title":{"rendered":"Privacy Policy"},"content":{"rendered":"<div class=\"fusion-fullwidth fullwidth-box fusion-builder-row-1 fusion-flex-container has-pattern-background has-mask-background nonhundred-percent-fullwidth non-hundred-percent-height-scrolling\" style=\"--awb-border-radius-top-left:0px;--awb-border-radius-top-right:0px;--awb-border-radius-bottom-right:0px;--awb-border-radius-bottom-left:0px;\" ><div class=\"fusion-builder-row fusion-row fusion-flex-align-items-flex-start\" style=\"max-width:1216.8px;margin-left: calc(-4% \/ 2 );margin-right: calc(-4% \/ 2 );\"><div class=\"fusion-layout-column fusion_builder_column fusion-builder-column-0 fusion_builder_column_1_1 1_1 fusion-flex-column\" style=\"--awb-bg-size:cover;--awb-width-large:100%;--awb-margin-top-large:0px;--awb-spacing-right-large:1.92%;--awb-margin-bottom-large:30px;--awb-spacing-left-large:1.92%;--awb-width-medium:100%;--awb-order-medium:0;--awb-spacing-right-medium:1.92%;--awb-spacing-left-medium:1.92%;--awb-width-small:100%;--awb-order-small:0;--awb-spacing-right-small:1.92%;--awb-spacing-left-small:1.92%;\"><div class=\"fusion-column-wrapper fusion-column-has-shadow fusion-flex-justify-content-flex-start fusion-content-layout-column\"><div class=\"fusion-text fusion-text-1\" style=\"--awb-text-font-family:&quot;Montserrat&quot;;--awb-text-font-style:normal;--awb-text-font-weight:400;\"><p><strong>Pol\u00edtica de Privacidade<\/strong><br \/>\nUpdated on February 9, 2020.<\/p>\n<p><span style=\"font-weight: 400;\">Med-Rio respects and recognizes the importance of your privacy. This Privacy Policy was created following the best international practices for the protection of personal data and aims to clarify how your data will be treated and for what purposes it will be used.<\/span><\/p>\n<p><span style=\"font-weight: 400;\">This Privacy Policy is applicable to all individuals who use or have contact with Med-Rio services, in person or by electronic means, including the website www.medrio.com.br and the Med-Rio applications for mobile devices.<\/span><\/p>\n<p><strong>1. DATA COLLECTED AND PURPOSE OF TREATMENT<\/strong><\/p>\n<p><span style=\"font-weight: 400;\">Based on the Brazilian legislation in force, in particular Law No. 13,709 of August 14, 2018 (the \u201cGeneral Data Protection Law\u201d), personal data is any and all information related to the identified or identifiable natural person. Your personal data may be collected as follows:<\/span><\/p>\n<p><span style=\"font-weight: 400;\">Navigation data collected through our <\/span><i><span style=\"font-weight: 400;\">website<\/span><\/i><span style=\"font-weight: 400;\">. During your visit to our website, we use cookies and other technological tools to collect navigation and access data, automatically. Such data includes, but is not limited to, your IP address, the identification of the device used for navigation (ID or IMEI Code), screens accessed, duration and time of access and behavior adopted when browsing our website.<\/span><\/p>\n<p><span style=\"font-weight: 400;\">You will be able to manage, in your browser, your settings and preferences in order to restrict the use of cookies when accessing our website. However, this may prevent proper functioning or access to certain parts of our website.<\/span><\/p>\n<p><span style=\"font-weight: 400;\">The collection and treatment of your browsing data will be used only for Med-Rio to improve its privacy and security systems, and improve the interface and content available on our website, making it more dynamic and efficient.<\/span><\/p>\n<p><span style=\"font-weight: 400;\">Data provided by you. We collect and store information that identifies you (such as name, e-mail address, company where you work, professional address, contact telephone number, financial data for billing, etc.) and health data (for example, blood type, medical history , medicines for regular use, information on allergies, etc.). This information is provided by you to Med-Rio by filling out forms, registration forms and \/ or by interacting directly with us on our electronic communication channels or physical establishments.<\/span><\/p>\n<p style=\"padding-left: 40px;\"><span style=\"font-weight: 400;\">Such data will be collected and processed for, among others:<\/span><\/p>\n<ul>\n<li style=\"list-style-type: none;\">\n<ul>\n<li><span style=\"font-weight: 400;\"> Conducting contracted or pre-contractual activities, including scheduling appointments and exams, conducting appointments and exams, collecting material or biological information and providing results and consultation and exam results;<\/span><\/li>\n<li><span style=\"font-weight: 400;\"> The processing, issuing and forwarding of charges for the contracted services;<\/span><\/li>\n<li><span style=\"font-weight: 400;\"> Other purposes strictly arising from our provision of services, including for the fulfillment of legal or regulatory obligations;<\/span><\/li>\n<li><span style=\"font-weight: 400;\"> Send you institutional communications, publications, newsletters, memos, newsletters, promotional materials, congratulations on commemorative dates, invitations, reminders and thanks for participating or signing up for our activities;<\/span><\/li>\n<li><span style=\"font-weight: 400;\"> Responding to requests for information and services, including the management of your personal data under the terms of current legislation and this Privacy Policy;<\/span><\/li>\n<li><span style=\"font-weight: 400;\"> Improve and improve our security and privacy systems.<\/span><\/li>\n<\/ul>\n<\/li>\n<\/ul>\n<p><span style=\"font-weight: 400;\">The health data collected in our activities will be used exclusively by our medical professionals and assistants in the exercise of their functions. In order for these data to be used for other purposes or shared with private doctors or employers, the client must complete and sign a specific Consent Form.<\/span><\/p>\n<p><span style=\"font-weight: 400;\">Med-Rio does not sell personal data under any circumstances and does not share your personal data with third parties for commercial or advertising purposes, except in specific situations with the express and informed consent of the user. All data sharing performed by Med-Rio in data storage, collection and processing operations is restricted to the performance of our activities and is limited to the purposes set out in this Privacy Policy.<\/span><\/p>\n<p><span style=\"font-weight: 400;\">If you have sent your personal data (directly to us or to recruitment agencies) to apply for a job vacancy and\/or internship, your data will be collected, processed and used only to compose our database and so that, eventually, we can contact you and call you to participate in our selection processes.<\/span><\/p>\n<p><span style=\"font-weight: 400;\">Your personal data may also be shared in the cases expressly provided for by law and with public authorities upon request, provided that such request is duly based on the applicable legislation.<\/span><\/p>\n<p><strong><span style=\"font-size: 1rem;\">2. DATA STORAGE AND HOLDERS\u2019 RIGHTS<\/span><\/strong><\/p>\n<p><span style=\"font-weight: 400;\">The storage of your personal data by Med-Rio will be done only for the time necessary for the fulfillment of the collection purposes provided for in this Privacy Policy, without prejudice to any legal obligations for data retention stipulated in the legislation in force. In some cases, we may store certain information anonymously and in an aggregate form to improve our services.<\/span><\/p>\n<p><span style=\"font-weight: 400;\">You, as the data owner, will have the right to:<\/span><\/p>\n<ul>\n<li><span style=\"font-weight: 400;\"> Receive confirmation from us that your data is being processed, as well as access it;<\/span><\/li>\n<li><span style=\"font-weight: 400;\"> Correct incomplete, inaccurate or outdated data;<\/span><\/li>\n<li><span style=\"font-weight: 400;\"> Anonymization, blocking or elimination of unnecessary, excessive or treated data in disagreement with the legislation in force;<\/span><\/li>\n<li><span style=\"font-weight: 400;\"> Request the portability of your data to another service or product supplier, upon express request and with the exception of commercial and industrial secrets;<\/span><\/li>\n<li><span style=\"font-weight: 400;\"> Eliminate data treated with your consent, except in the case of custody for compliance with a legal obligation;<\/span><\/li>\n<li><span style=\"font-weight: 400;\"> Receive information to which entities your data has been shared;<\/span><\/li>\n<li><span style=\"font-weight: 400;\"> Receive information about the possibility of not giving consent and about the consequences of the refusal;<\/span><\/li>\n<li><span style=\"font-weight: 400;\"> Carry out the portability of your personal data, except for business secrets; and<\/span><\/li>\n<li><span style=\"font-weight: 400;\"> Revoke consent.<\/span><\/li>\n<\/ul>\n<p><span style=\"font-weight: 400;\">If you wish to exercise any of the rights provided for in this Privacy Policy or the legislation in force, or if you no longer wish\/choose not to receive our periodic emails with institutional or promotional communications, please contact us by e- mail <\/span><a href=\"mailto:dpo@medrio.com.br\"><span style=\"font-weight: 400;\">dpo@medrio.com.br<\/span><\/a><span style=\"font-weight: 400;\">.<\/span><\/p>\n<p><strong><span style=\"font-size: 1rem;\">3. THIRD PARTY SITES<\/span><\/strong><\/p>\n<p><span style=\"font-weight: 400;\">Eventually, you may find on our website or in our mobile applications links to external or third-party pages. These pages have their own privacy policies and terms and conditions of use and have no relationship with Med-Rio.<\/span><\/p>\n<p><span style=\"font-weight: 400;\">Med-Rio does not agree, share, subscribe, integrate, complement, monitor, validate or accept, directly or indirectly, the way these third parties treat your personal data.<\/span><\/p>\n<p><strong><span style=\"font-size: 1rem;\">4. INTERNATIONAL DATA TRANSFER<\/span><\/strong><\/p>\n<p><span style=\"font-weight: 400;\">Med-Rio does not store or use your data outside of Brazil, but eventually our partners may perform some type of data processing abroad to fulfill their contractual obligations with us. In these cases, Med-Rio will require the partner to meet all the requirements of Brazilian law for international data transfer, in addition to requiring that data processing be restricted to the purposes contracted and subject to the rules of this Privacy Policy.<\/span><\/p>\n<p><strong><span style=\"font-size: 1rem;\">5. INFORMATION SECURITY<\/span><\/strong><\/p>\n<p><span style=\"font-weight: 400;\">Med-Rio is committed to the protection of your personal data, having systems verified for compliance with market standards and monitored, in order to guarantee their Availability, Integrity, Confidentiality and Authenticity.<\/span><\/p>\n<p><span style=\"font-weight: 400;\">To this end, we have a methodology based on processes, people and technologies that guide the layered protection of our systems, data and networks.<\/span><\/p>\n<p><span style=\"font-weight: 400;\">Med-Rio will not be responsible for any incidents with personal data resulting from actions of third parties that are beyond our reasonable control, and that cannot be prevented with the adoption of security, technical and administrative measures reasonably adopted and available on the market.<\/span><\/p>\n<p><strong><span style=\"font-size: 1rem;\">6. COMMUNICATIONS<\/span><\/strong><\/p>\n<p><span style=\"font-weight: 400;\">If you have any questions, suggestions, complaints or if you want to exercise any of your rights set out in this Privacy Policy or in the legislation in force, you can contact us by the e-mail <\/span><a href=\"mailto:dpo@medrio.com.br\"><span style=\"font-weight: 400;\">dpo@medrio.com.br<\/span><\/a><span style=\"font-weight: 400;\">.<\/span><\/p>\n<p><span style=\"font-weight: 400;\">If you wish not to receive our institutional emails, please send us an email to dpo@medrio.com.br.<\/span><\/p>\n<p><strong><span style=\"font-size: 1rem;\">7. UPDATES AND MODIFICATIONS TO THE PRIVACY POLICY<\/span><\/strong><\/p>\n<p><span style=\"font-weight: 400;\">The terms and conditions of this Privacy Policy will be updated periodically by Med-Rio. If the changes result in a significant change in the rights and\/or duties of Med-Rio or the obligations provided for in this Privacy Policy, we will post a notice on our page, indicating that there has been a new update. We may also occasionally ask for your consent as a condition for accessing and using our website and applications for mobile devices and for the provision of our services.<\/span><\/p>\n<\/div><\/div><\/div><\/div><\/div>\n","protected":false},"excerpt":{"rendered":"","protected":false},"author":9,"featured_media":0,"parent":0,"menu_order":0,"comment_status":"closed","ping_status":"open","template":"100-width.php","meta":{"footnotes":""},"class_list":["post-2367","page","type-page","status-publish","hentry"],"yoast_head":"<!-- This site is optimized with the Yoast SEO plugin v23.4 - https:\/\/yoast.com\/wordpress\/plugins\/seo\/ -->\n<title>Privacy Policy - SP Check-up<\/title>\n<meta name=\"robots\" content=\"noindex, follow, max-snippet:-1, max-image-preview:large, max-video-preview:-1\" \/>\n<meta property=\"og:locale\" content=\"en_US\" \/>\n<meta property=\"og:type\" content=\"article\" \/>\n<meta property=\"og:title\" content=\"Privacy Policy - SP Check-up\" \/>\n<meta property=\"og:url\" content=\"https:\/\/medriocheck-up.com.br\/en\/politica-de-privacidade\/\" \/>\n<meta property=\"og:site_name\" content=\"SP Check-up\" \/>\n<meta property=\"article:modified_time\" content=\"2023-06-27T13:45:43+00:00\" \/>\n<meta name=\"twitter:card\" content=\"summary_large_image\" \/>\n<meta name=\"twitter:label1\" content=\"Est. reading time\" \/>\n\t<meta name=\"twitter:data1\" content=\"11 minutes\" \/>\n<script type=\"application\/ld+json\" class=\"yoast-schema-graph\">{\"@context\":\"https:\/\/schema.org\",\"@graph\":[{\"@type\":\"WebPage\",\"@id\":\"https:\/\/medriocheck-up.com.br\/en\/politica-de-privacidade\/\",\"url\":\"https:\/\/medriocheck-up.com.br\/en\/politica-de-privacidade\/\",\"name\":\"Privacy Policy - SP Check-up\",\"isPartOf\":{\"@id\":\"https:\/\/teste.spcheckup.com.br\/#website\"},\"datePublished\":\"2023-05-06T13:30:34+00:00\",\"dateModified\":\"2023-06-27T13:45:43+00:00\",\"breadcrumb\":{\"@id\":\"https:\/\/medriocheck-up.com.br\/en\/politica-de-privacidade\/#breadcrumb\"},\"inLanguage\":\"en-US\",\"potentialAction\":[{\"@type\":\"ReadAction\",\"target\":[\"https:\/\/medriocheck-up.com.br\/en\/politica-de-privacidade\/\"]}]},{\"@type\":\"BreadcrumbList\",\"@id\":\"https:\/\/medriocheck-up.com.br\/en\/politica-de-privacidade\/#breadcrumb\",\"itemListElement\":[{\"@type\":\"ListItem\",\"position\":1,\"name\":\"In\u00edcio\",\"item\":\"https:\/\/teste.spcheckup.com.br\/en\/\"},{\"@type\":\"ListItem\",\"position\":2,\"name\":\"Privacy Policy\"}]},{\"@type\":\"WebSite\",\"@id\":\"https:\/\/teste.spcheckup.com.br\/#website\",\"url\":\"https:\/\/teste.spcheckup.com.br\/\",\"name\":\"SP Check-UP\",\"description\":\"O seu check-up m\u00e9dico. L\u00edder brasileira e especializada em medicina preventiva desde 1990, a Med-Rio Check-up j\u00e1 realizou mais de 160.000 check-ups m\u00e9dicos\",\"potentialAction\":[{\"@type\":\"SearchAction\",\"target\":{\"@type\":\"EntryPoint\",\"urlTemplate\":\"https:\/\/teste.spcheckup.com.br\/?s={search_term_string}\"},\"query-input\":{\"@type\":\"PropertyValueSpecification\",\"valueRequired\":true,\"valueName\":\"search_term_string\"}}],\"inLanguage\":\"en-US\"}]}<\/script>\n<!-- \/ Yoast SEO plugin. -->","yoast_head_json":{"title":"Privacy Policy - SP Check-up","robots":{"index":"noindex","follow":"follow","max-snippet":"max-snippet:-1","max-image-preview":"max-image-preview:large","max-video-preview":"max-video-preview:-1"},"og_locale":"en_US","og_type":"article","og_title":"Privacy Policy - SP Check-up","og_url":"https:\/\/medriocheck-up.com.br\/en\/politica-de-privacidade\/","og_site_name":"SP Check-up","article_modified_time":"2023-06-27T13:45:43+00:00","twitter_card":"summary_large_image","twitter_misc":{"Est. reading time":"11 minutes"},"schema":{"@context":"https:\/\/schema.org","@graph":[{"@type":"WebPage","@id":"https:\/\/medriocheck-up.com.br\/en\/politica-de-privacidade\/","url":"https:\/\/medriocheck-up.com.br\/en\/politica-de-privacidade\/","name":"Privacy Policy - SP Check-up","isPartOf":{"@id":"https:\/\/teste.spcheckup.com.br\/#website"},"datePublished":"2023-05-06T13:30:34+00:00","dateModified":"2023-06-27T13:45:43+00:00","breadcrumb":{"@id":"https:\/\/medriocheck-up.com.br\/en\/politica-de-privacidade\/#breadcrumb"},"inLanguage":"en-US","potentialAction":[{"@type":"ReadAction","target":["https:\/\/medriocheck-up.com.br\/en\/politica-de-privacidade\/"]}]},{"@type":"BreadcrumbList","@id":"https:\/\/medriocheck-up.com.br\/en\/politica-de-privacidade\/#breadcrumb","itemListElement":[{"@type":"ListItem","position":1,"name":"In\u00edcio","item":"https:\/\/teste.spcheckup.com.br\/en\/"},{"@type":"ListItem","position":2,"name":"Privacy Policy"}]},{"@type":"WebSite","@id":"https:\/\/teste.spcheckup.com.br\/#website","url":"https:\/\/teste.spcheckup.com.br\/","name":"SP Check-UP","description":"O seu check-up m\u00e9dico. L\u00edder brasileira e especializada em medicina preventiva desde 1990, a Med-Rio Check-up j\u00e1 realizou mais de 160.000 check-ups m\u00e9dicos","potentialAction":[{"@type":"SearchAction","target":{"@type":"EntryPoint","urlTemplate":"https:\/\/teste.spcheckup.com.br\/?s={search_term_string}"},"query-input":{"@type":"PropertyValueSpecification","valueRequired":true,"valueName":"search_term_string"}}],"inLanguage":"en-US"}]}},"_links":{"self":[{"href":"https:\/\/teste.spcheckup.com.br\/en\/wp-json\/wp\/v2\/pages\/2367","targetHints":{"allow":["GET"]}}],"collection":[{"href":"https:\/\/teste.spcheckup.com.br\/en\/wp-json\/wp\/v2\/pages"}],"about":[{"href":"https:\/\/teste.spcheckup.com.br\/en\/wp-json\/wp\/v2\/types\/page"}],"author":[{"embeddable":true,"href":"https:\/\/teste.spcheckup.com.br\/en\/wp-json\/wp\/v2\/users\/9"}],"replies":[{"embeddable":true,"href":"https:\/\/teste.spcheckup.com.br\/en\/wp-json\/wp\/v2\/comments?post=2367"}],"version-history":[{"count":0,"href":"https:\/\/teste.spcheckup.com.br\/en\/wp-json\/wp\/v2\/pages\/2367\/revisions"}],"wp:attachment":[{"href":"https:\/\/teste.spcheckup.com.br\/en\/wp-json\/wp\/v2\/media?parent=2367"}],"curies":[{"name":"wp","href":"https:\/\/api.w.org\/{rel}","templated":true}]}}