{"id":2369,"date":"2023-05-06T10:30:34","date_gmt":"2023-05-06T13:30:34","guid":{"rendered":"http:\/\/localhost\/sites\/medrio\/politica-de-privacidade\/"},"modified":"2023-06-27T10:51:57","modified_gmt":"2023-06-27T13:51:57","slug":"politica-de-privacidade","status":"publish","type":"page","link":"https:\/\/teste.spcheckup.com.br\/es\/politica-de-privacidade\/","title":{"rendered":"Pol\u00edtica de privacidad"},"content":{"rendered":"<div class=\"fusion-fullwidth fullwidth-box fusion-builder-row-1 fusion-flex-container has-pattern-background has-mask-background nonhundred-percent-fullwidth non-hundred-percent-height-scrolling\" style=\"--awb-border-radius-top-left:0px;--awb-border-radius-top-right:0px;--awb-border-radius-bottom-right:0px;--awb-border-radius-bottom-left:0px;\" ><div class=\"fusion-builder-row fusion-row fusion-flex-align-items-flex-start\" style=\"max-width:1216.8px;margin-left: calc(-4% \/ 2 );margin-right: calc(-4% \/ 2 );\"><div class=\"fusion-layout-column fusion_builder_column fusion-builder-column-0 fusion_builder_column_1_1 1_1 fusion-flex-column\" style=\"--awb-bg-size:cover;--awb-width-large:100%;--awb-margin-top-large:0px;--awb-spacing-right-large:1.92%;--awb-margin-bottom-large:30px;--awb-spacing-left-large:1.92%;--awb-width-medium:100%;--awb-order-medium:0;--awb-spacing-right-medium:1.92%;--awb-spacing-left-medium:1.92%;--awb-width-small:100%;--awb-order-small:0;--awb-spacing-right-small:1.92%;--awb-spacing-left-small:1.92%;\"><div class=\"fusion-column-wrapper fusion-column-has-shadow fusion-flex-justify-content-flex-start fusion-content-layout-column\"><div class=\"fusion-text fusion-text-1\" style=\"--awb-text-font-family:&quot;Montserrat&quot;;--awb-text-font-style:normal;--awb-text-font-weight:400;\"><p><strong>Pol\u00edtica de privacidad<\/strong><br \/>\n<span style=\"font-weight: 400;\">Actualizado el 9 de febrero de 2020.<\/span><\/p>\n<p><span style=\"font-weight: 400;\">Med-Rio respeta y reconoce la importancia de su privacidad. Esta Pol\u00edtica de Privacidad fue creada siguiendo las mejores pr\u00e1cticas internacionales para la protecci\u00f3n de datos personales y tiene como objetivo aclarar c\u00f3mo ser\u00e1n tratados sus datos y con qu\u00e9 fines ser\u00e1n utilizados.<\/span><\/p>\n<p><span style=\"font-weight: 400;\">Esta Pol\u00edtica de Privacidad es aplicable a todas las personas que utilizan o tienen contacto con los servicios de Med-Rio, en persona o por medios electr\u00f3nicos, incluido el sitio web www.medrio.com.br y las aplicaciones de Med-Rio para dispositivos m\u00f3viles.<\/span><\/p>\n<p><strong>1. DATOS RECOGIDOS Y FINALIDAD DEL TRATAMIENTO<\/strong><\/p>\n<p><span style=\"font-weight: 400;\">Con base en la legislaci\u00f3n brasile\u00f1a vigente, en particular la Ley N \u00b0 13,709 del 14 de agosto de 2018 (la \u201cLey General de Protecci\u00f3n de Datos\u201d), los datos personales son cualquier y toda la informaci\u00f3n relacionada con la persona f\u00edsica identificada o identificable. Sus datos personales pueden recopilarse de la siguiente manera:<\/span><\/p>\n<p><span style=\"font-weight: 400;\">Datos de navegaci\u00f3n recopilados a trav\u00e9s de nuestro sitio web. Durante su visita a nuestro sitio web, utilizamos cookies y otras herramientas tecnol\u00f3gicas para recopilar datos de navegaci\u00f3n y acceso, de forma autom\u00e1tica. Dichos datos incluyen, pero no se limitan a, su direcci\u00f3n IP, la identificaci\u00f3n del dispositivo utilizado para la navegaci\u00f3n (ID o C\u00f3digo IMEI), pantallas a las que se accede, duraci\u00f3n y tiempo de acceso y comportamiento adoptado al navegar por nuestro sitio web.<\/span><\/p>\n<p><span style=\"font-weight: 400;\">Podr\u00e1 administrar, en su navegador, sus configuraciones y preferencias con el fin de restringir el uso de cookies al acceder a nuestro sitio web. Sin embargo, esto puede impedir el funcionamiento adecuado o el acceso a ciertas partes de nuestro sitio web.<\/span><\/p>\n<p><span style=\"font-weight: 400;\">La recopilaci\u00f3n y tratamiento de sus datos de navegaci\u00f3n se utilizar\u00e1 \u00fanicamente para que Med-Rio mejore sus sistemas de privacidad y seguridad, y mejore la interfaz y el contenido disponible en nuestro sitio web, haci\u00e9ndolo m\u00e1s din\u00e1mico y eficiente.<\/span><\/p>\n<p><span style=\"font-weight: 400;\">Datos proporcionados por usted. Recopilamos y almacenamos informaci\u00f3n que lo identifica (como nombre, direcci\u00f3n de correo electr\u00f3nico, empresa donde trabaja, direcci\u00f3n profesional, n\u00famero de tel\u00e9fono de contacto, datos financieros para facturaci\u00f3n, etc.) y datos de salud (por ejemplo, tipo de sangre, historial m\u00e9dico). , medicamentos de uso habitual, informaci\u00f3n sobre alergias, etc.). Esta informaci\u00f3n es proporcionada por usted a Med-Rio al completar formularios, formularios de registro y \/ o interactuando directamente con nosotros en nuestros canales de comunicaci\u00f3n electr\u00f3nica o establecimientos f\u00edsicos.<\/span><\/p>\n<p style=\"padding-left: 40px;\"><span style=\"font-weight: 400;\">Dichos datos ser\u00e1n recopilados y procesados \u200b\u200bpara, entre otros:<\/span><\/p>\n<ul>\n<li style=\"list-style-type: none;\">\n<ul>\n<li><span style=\"font-weight: 400;\"> Realizaci\u00f3n de actividades contratadas o precontractuales, incluida la programaci\u00f3n de citas y ex\u00e1menes, la realizaci\u00f3n de citas y ex\u00e1menes, la recopilaci\u00f3n de material o informaci\u00f3n biol\u00f3gica y el suministro de resultados y resultados de consultas y ex\u00e1menes;<\/span><\/li>\n<li><span style=\"font-weight: 400;\"> El procesamiento, emisi\u00f3n y env\u00edo de cargos por los servicios contratados;<\/span><\/li>\n<li><span style=\"font-weight: 400;\"> Otros fines que surjan estrictamente de nuestra prestaci\u00f3n de servicios, incluido el cumplimiento de obligaciones legales o reglamentarias;<\/span><\/li>\n<li><span style=\"font-weight: 400;\"> Enviarle comunicaciones institucionales, publicaciones, newsletters, memorandos, newsletters, materiales promocionales, felicitaciones por fechas conmemorativas, invitaciones, recordatorios y agradecimientos por participar o apuntarse a nuestras actividades;<\/span><\/li>\n<li><span style=\"font-weight: 400;\"> Responder a solicitudes de informaci\u00f3n y servicios, incluida la gesti\u00f3n de sus datos personales en los t\u00e9rminos de la legislaci\u00f3n vigente y esta Pol\u00edtica de Privacidad;<\/span><\/li>\n<li><span style=\"font-weight: 400;\"> Mejorar y mejorar nuestros sistemas de seguridad y privacidad.<\/span><\/li>\n<\/ul>\n<\/li>\n<\/ul>\n<p><span style=\"font-weight: 400;\">Los datos sanitarios recogidos en nuestras actividades ser\u00e1n utilizados exclusivamente por nuestros profesionales m\u00e9dicos y auxiliares en el ejercicio de sus funciones. Para que estos datos se utilicen para otros fines o se compartan con m\u00e9dicos o empleadores privados, el cliente debe completar y firmar un formulario de consentimiento espec\u00edfico.<\/span><\/p>\n<p><span style=\"font-weight: 400;\">Med-Rio no vende datos personales bajo ning\u00fan concepto y no comparte sus datos personales con terceros con fines comerciales o publicitarios, excepto en situaciones espec\u00edficas con el consentimiento expreso e informado del usuario. Todo el intercambio de datos realizado por Med-Rio en las operaciones de almacenamiento, recopilaci\u00f3n y procesamiento de datos est\u00e1 restringido al desempe\u00f1o de nuestras actividades y est\u00e1 limitado a los prop\u00f3sitos establecidos en esta Pol\u00edtica de Privacidad.<\/span><\/p>\n<p><span style=\"font-weight: 400;\">Si ha enviado sus datos personales (directamente a nosotros oa agencias de contrataci\u00f3n) para solicitar un puesto de trabajo vacante y \/ o pr\u00e1cticas, sus datos ser\u00e1n recopilados, procesados \u200b\u200by utilizados \u00fanicamente para componer nuestra base de datos y para que, eventualmente, podamos contactarnos. usted y llamarlo a participar en nuestros procesos de selecci\u00f3n.<\/span><\/p>\n<p><span style=\"font-weight: 400;\">Sus datos personales tambi\u00e9n podr\u00e1n ser compartidos en los casos expresamente previstos por la ley y con las autoridades p\u00fablicas que lo soliciten, siempre que dicha solicitud se base debidamente en la legislaci\u00f3n aplicable.<\/span><\/p>\n<p><strong><span style=\"font-size: 1rem;\">2. ALMACENAMIENTO DE DATOS Y DERECHOS DE LOS TITULARES<\/span><\/strong><\/p>\n<p><span style=\"font-weight: 400;\">El almacenamiento de sus datos personales por parte de Med-Rio se realizar\u00e1 \u00fanicamente durante el tiempo necesario para el cumplimiento de las finalidades de recogida previstas en esta Pol\u00edtica de Privacidad, sin perjuicio de las obligaciones legales de conservaci\u00f3n de datos estipuladas en la legislaci\u00f3n vigente. En algunos casos, podemos almacenar cierta informaci\u00f3n de forma an\u00f3nima y de forma agregada para mejorar nuestros servicios.<\/span><\/p>\n<p><span style=\"font-weight: 400;\">Usted, como propietario de los datos, tendr\u00e1 derecho a:<\/span><\/p>\n<ul>\n<li><span style=\"font-weight: 400;\"> Recibir nuestra confirmaci\u00f3n de que sus datos est\u00e1n siendo procesados, as\u00ed como acceder a ellos;<\/span><\/li>\n<li><span style=\"font-weight: 400;\"> Corregir datos incompletos, inexactos u obsoletos;<\/span><\/li>\n<li><span style=\"font-weight: 400;\"> Anonimizaci\u00f3n, bloqueo o eliminaci\u00f3n de datos innecesarios, excesivos o tratados en desacuerdo con la legislaci\u00f3n vigente;<\/span><\/li>\n<li><span style=\"font-weight: 400;\"> Solicitar la portabilidad de sus datos a otro proveedor de servicios o productos, previa solicitud expresa y con excepci\u00f3n de secretos comerciales e industriales;<\/span><\/li>\n<li><span style=\"font-weight: 400;\"> Eliminar los datos tratados con su consentimiento, excepto en el caso de custodia para el cumplimiento de una obligaci\u00f3n legal;<\/span><\/li>\n<li><span style=\"font-weight: 400;\"> Recibir informaci\u00f3n a qu\u00e9 entidades se han compartido sus datos;<\/span><\/li>\n<li><span style=\"font-weight: 400;\"> Recibir informaci\u00f3n sobre la posibilidad de no dar su consentimiento y sobre las consecuencias de la negativa;<\/span><\/li>\n<li><span style=\"font-weight: 400;\"> Realizar la portabilidad de sus datos personales, salvo secretos comerciales; y<\/span><\/li>\n<li><span style=\"font-weight: 400;\"> Revocar el consentimiento.<\/span><\/li>\n<\/ul>\n<p><span style=\"font-weight: 400;\">Si desea ejercitar alguno de los derechos previstos en esta Pol\u00edtica de Privacidad o la legislaci\u00f3n vigente, o si ya no desea \/ opta por no recibir nuestros correos electr\u00f3nicos peri\u00f3dicos con comunicaciones institucionales o promocionales, p\u00f3ngase en contacto con nosotros a trav\u00e9s del correo electr\u00f3nico dpo @ medrio.com.br.<\/span><\/p>\n<p><strong><span style=\"font-size: 1rem;\">3. SITIOS DE TERCEROS<\/span><\/strong><\/p>\n<p><span style=\"font-weight: 400;\">Eventualmente, puede encontrar en nuestro sitio web o en nuestras aplicaciones m\u00f3viles enlaces a p\u00e1ginas externas o de terceros. Estas p\u00e1ginas tienen sus propias pol\u00edticas de privacidad y t\u00e9rminos y condiciones de uso y no tienen relaci\u00f3n con Med-Rio.<\/span><\/p>\n<p><span style=\"font-weight: 400;\">Med-Rio no acuerda, comparte, suscribe, integra, complementa, monitorea, valida o acepta, directa o indirectamente, la forma en que estos terceros tratan sus datos personales.<\/span><\/p>\n<p><strong><span style=\"font-size: 1rem;\">4. TRANSFERENCIA INTERNACIONAL DE DATOS<\/span><\/strong><\/p>\n<p><span style=\"font-weight: 400;\">Med-Rio no almacena ni usa sus datos fuera de Brasil, pero eventualmente nuestros socios pueden realizar alg\u00fan tipo de procesamiento de datos en el extranjero para cumplir con sus obligaciones contractuales con nosotros. En estos casos, Med-Rio requerir\u00e1 que el socio cumpla con todos los requisitos de la ley brasile\u00f1a para la transferencia internacional de datos, adem\u00e1s de exigir que el procesamiento de datos est\u00e9 restringido a los fines contratados y sujeto a las reglas de esta Pol\u00edtica de Privacidad.<\/span><\/p>\n<p><strong><span style=\"font-size: 1rem;\">5. SEGURIDAD DE LA INFORMACI\u00d3N<\/span><\/strong><\/p>\n<p><span style=\"font-weight: 400;\">Med-Rio est\u00e1 comprometido con la protecci\u00f3n de sus datos personales, contando con sistemas verificados para el cumplimiento de los est\u00e1ndares del mercado y monitoreados, con el fin de garantizar su Disponibilidad, Integridad, Confidencialidad y Autenticidad.<\/span><\/p>\n<p><span style=\"font-weight: 400;\">Para ello, contamos con una metodolog\u00eda basada en procesos, personas y tecnolog\u00edas que gu\u00edan la protecci\u00f3n por capas de nuestros sistemas, datos y redes.<\/span><\/p>\n<p><span style=\"font-weight: 400;\">Med-Rio no ser\u00e1 responsable de ning\u00fan incidente con datos personales que resulte de acciones de terceros que est\u00e9n fuera de nuestro control razonable, y que no puedan evitarse con la adopci\u00f3n de medidas de seguridad, t\u00e9cnicas y administrativas razonablemente adoptadas y disponibles en el mercado.<\/span><\/p>\n<p><strong><span style=\"font-size: 1rem;\">6. COMUNICACIONES<\/span><\/strong><\/p>\n<p><span style=\"font-weight: 400;\">Si tiene alguna pregunta, sugerencia, queja o si desea ejercer alguno de sus derechos establecidos en esta Pol\u00edtica de Privacidad o en la legislaci\u00f3n vigente, puede contactarnos a trav\u00e9s del correo electr\u00f3nico dpo@medrio.com.br.<\/span><\/p>\n<p><span style=\"font-weight: 400;\">Si no desea recibir nuestros correos electr\u00f3nicos institucionales, env\u00edenos un correo electr\u00f3nico a <\/span><a href=\"mailto:dpo@medrio.com.br\"><span style=\"font-weight: 400;\">dpo@medrio.com.br<\/span><\/a><span style=\"font-weight: 400;\">.<\/span><\/p>\n<p><strong><span style=\"font-size: 1rem;\">7. ACTUALIZACIONES Y MODIFICACIONES A LA POL\u00cdTICA DE PRIVACIDAD<\/span><\/strong><\/p>\n<p><span style=\"font-weight: 400;\">Med-Rio actualizar\u00e1 peri\u00f3dicamente los t\u00e9rminos y condiciones de esta Pol\u00edtica de privacidad. Si los cambios resultan en un cambio significativo en los derechos y \/ o deberes de Med-Rio o las obligaciones previstas en esta Pol\u00edtica de Privacidad, publicaremos un aviso en nuestra p\u00e1gina, indicando que ha habido una nueva actualizaci\u00f3n. Ocasionalmente, tambi\u00e9n podemos solicitar su consentimiento como condici\u00f3n para acceder y utilizar nuestro sitio web y aplicaciones para dispositivos m\u00f3viles y para la prestaci\u00f3n de nuestros servicios.<\/span><\/p>\n<\/div><\/div><\/div><\/div><\/div>\n","protected":false},"excerpt":{"rendered":"","protected":false},"author":9,"featured_media":0,"parent":0,"menu_order":0,"comment_status":"closed","ping_status":"open","template":"100-width.php","meta":{"footnotes":""},"class_list":["post-2369","page","type-page","status-publish","hentry"],"yoast_head":"<!-- This site is optimized with the Yoast SEO plugin v23.4 - https:\/\/yoast.com\/wordpress\/plugins\/seo\/ -->\n<title>Pol\u00edtica de privacidad - SP Check-up<\/title>\n<meta name=\"robots\" content=\"noindex, follow, max-snippet:-1, max-image-preview:large, max-video-preview:-1\" \/>\n<meta property=\"og:locale\" content=\"es_ES\" \/>\n<meta property=\"og:type\" content=\"article\" \/>\n<meta property=\"og:title\" content=\"Pol\u00edtica de privacidad - SP Check-up\" \/>\n<meta property=\"og:url\" content=\"https:\/\/medriocheck-up.com.br\/es\/politica-de-privacidade\/\" \/>\n<meta property=\"og:site_name\" content=\"SP Check-up\" \/>\n<meta property=\"article:modified_time\" content=\"2023-06-27T13:51:57+00:00\" \/>\n<meta name=\"twitter:card\" content=\"summary_large_image\" \/>\n<meta name=\"twitter:label1\" content=\"Tiempo de lectura\" \/>\n\t<meta name=\"twitter:data1\" content=\"12 minutos\" \/>\n<script type=\"application\/ld+json\" class=\"yoast-schema-graph\">{\"@context\":\"https:\/\/schema.org\",\"@graph\":[{\"@type\":\"WebPage\",\"@id\":\"https:\/\/medriocheck-up.com.br\/es\/politica-de-privacidade\/\",\"url\":\"https:\/\/medriocheck-up.com.br\/es\/politica-de-privacidade\/\",\"name\":\"Pol\u00edtica de privacidad - SP Check-up\",\"isPartOf\":{\"@id\":\"https:\/\/teste.spcheckup.com.br\/#website\"},\"datePublished\":\"2023-05-06T13:30:34+00:00\",\"dateModified\":\"2023-06-27T13:51:57+00:00\",\"breadcrumb\":{\"@id\":\"https:\/\/medriocheck-up.com.br\/es\/politica-de-privacidade\/#breadcrumb\"},\"inLanguage\":\"es\",\"potentialAction\":[{\"@type\":\"ReadAction\",\"target\":[\"https:\/\/medriocheck-up.com.br\/es\/politica-de-privacidade\/\"]}]},{\"@type\":\"BreadcrumbList\",\"@id\":\"https:\/\/medriocheck-up.com.br\/es\/politica-de-privacidade\/#breadcrumb\",\"itemListElement\":[{\"@type\":\"ListItem\",\"position\":1,\"name\":\"In\u00edcio\",\"item\":\"https:\/\/teste.spcheckup.com.br\/es\/\"},{\"@type\":\"ListItem\",\"position\":2,\"name\":\"Pol\u00edtica de privacidad\"}]},{\"@type\":\"WebSite\",\"@id\":\"https:\/\/teste.spcheckup.com.br\/#website\",\"url\":\"https:\/\/teste.spcheckup.com.br\/\",\"name\":\"SP Check-UP\",\"description\":\"O seu check-up m\u00e9dico. L\u00edder brasileira e especializada em medicina preventiva desde 1990, a Med-Rio Check-up j\u00e1 realizou mais de 160.000 check-ups m\u00e9dicos\",\"potentialAction\":[{\"@type\":\"SearchAction\",\"target\":{\"@type\":\"EntryPoint\",\"urlTemplate\":\"https:\/\/teste.spcheckup.com.br\/?s={search_term_string}\"},\"query-input\":{\"@type\":\"PropertyValueSpecification\",\"valueRequired\":true,\"valueName\":\"search_term_string\"}}],\"inLanguage\":\"es\"}]}<\/script>\n<!-- \/ Yoast SEO plugin. -->","yoast_head_json":{"title":"Pol\u00edtica de privacidad - SP Check-up","robots":{"index":"noindex","follow":"follow","max-snippet":"max-snippet:-1","max-image-preview":"max-image-preview:large","max-video-preview":"max-video-preview:-1"},"og_locale":"es_ES","og_type":"article","og_title":"Pol\u00edtica de privacidad - SP Check-up","og_url":"https:\/\/medriocheck-up.com.br\/es\/politica-de-privacidade\/","og_site_name":"SP Check-up","article_modified_time":"2023-06-27T13:51:57+00:00","twitter_card":"summary_large_image","twitter_misc":{"Tiempo de lectura":"12 minutos"},"schema":{"@context":"https:\/\/schema.org","@graph":[{"@type":"WebPage","@id":"https:\/\/medriocheck-up.com.br\/es\/politica-de-privacidade\/","url":"https:\/\/medriocheck-up.com.br\/es\/politica-de-privacidade\/","name":"Pol\u00edtica de privacidad - SP Check-up","isPartOf":{"@id":"https:\/\/teste.spcheckup.com.br\/#website"},"datePublished":"2023-05-06T13:30:34+00:00","dateModified":"2023-06-27T13:51:57+00:00","breadcrumb":{"@id":"https:\/\/medriocheck-up.com.br\/es\/politica-de-privacidade\/#breadcrumb"},"inLanguage":"es","potentialAction":[{"@type":"ReadAction","target":["https:\/\/medriocheck-up.com.br\/es\/politica-de-privacidade\/"]}]},{"@type":"BreadcrumbList","@id":"https:\/\/medriocheck-up.com.br\/es\/politica-de-privacidade\/#breadcrumb","itemListElement":[{"@type":"ListItem","position":1,"name":"In\u00edcio","item":"https:\/\/teste.spcheckup.com.br\/es\/"},{"@type":"ListItem","position":2,"name":"Pol\u00edtica de privacidad"}]},{"@type":"WebSite","@id":"https:\/\/teste.spcheckup.com.br\/#website","url":"https:\/\/teste.spcheckup.com.br\/","name":"SP Check-UP","description":"O seu check-up m\u00e9dico. L\u00edder brasileira e especializada em medicina preventiva desde 1990, a Med-Rio Check-up j\u00e1 realizou mais de 160.000 check-ups m\u00e9dicos","potentialAction":[{"@type":"SearchAction","target":{"@type":"EntryPoint","urlTemplate":"https:\/\/teste.spcheckup.com.br\/?s={search_term_string}"},"query-input":{"@type":"PropertyValueSpecification","valueRequired":true,"valueName":"search_term_string"}}],"inLanguage":"es"}]}},"_links":{"self":[{"href":"https:\/\/teste.spcheckup.com.br\/es\/wp-json\/wp\/v2\/pages\/2369","targetHints":{"allow":["GET"]}}],"collection":[{"href":"https:\/\/teste.spcheckup.com.br\/es\/wp-json\/wp\/v2\/pages"}],"about":[{"href":"https:\/\/teste.spcheckup.com.br\/es\/wp-json\/wp\/v2\/types\/page"}],"author":[{"embeddable":true,"href":"https:\/\/teste.spcheckup.com.br\/es\/wp-json\/wp\/v2\/users\/9"}],"replies":[{"embeddable":true,"href":"https:\/\/teste.spcheckup.com.br\/es\/wp-json\/wp\/v2\/comments?post=2369"}],"version-history":[{"count":0,"href":"https:\/\/teste.spcheckup.com.br\/es\/wp-json\/wp\/v2\/pages\/2369\/revisions"}],"wp:attachment":[{"href":"https:\/\/teste.spcheckup.com.br\/es\/wp-json\/wp\/v2\/media?parent=2369"}],"curies":[{"name":"wp","href":"https:\/\/api.w.org\/{rel}","templated":true}]}}