{"id":2368,"date":"2023-05-06T10:30:34","date_gmt":"2023-05-06T13:30:34","guid":{"rendered":"http:\/\/localhost\/sites\/medrio\/politica-de-privacidade\/"},"modified":"2023-06-27T10:48:31","modified_gmt":"2023-06-27T13:48:31","slug":"politica-de-privacidade","status":"publish","type":"page","link":"https:\/\/teste.spcheckup.com.br\/fr\/politica-de-privacidade\/","title":{"rendered":"Politique de confidentialit\u00e9"},"content":{"rendered":"<div class=\"fusion-fullwidth fullwidth-box fusion-builder-row-1 fusion-flex-container has-pattern-background has-mask-background nonhundred-percent-fullwidth non-hundred-percent-height-scrolling\" style=\"--awb-border-radius-top-left:0px;--awb-border-radius-top-right:0px;--awb-border-radius-bottom-right:0px;--awb-border-radius-bottom-left:0px;\" ><div class=\"fusion-builder-row fusion-row fusion-flex-align-items-flex-start\" style=\"max-width:1216.8px;margin-left: calc(-4% \/ 2 );margin-right: calc(-4% \/ 2 );\"><div class=\"fusion-layout-column fusion_builder_column fusion-builder-column-0 fusion_builder_column_1_1 1_1 fusion-flex-column\" style=\"--awb-bg-size:cover;--awb-width-large:100%;--awb-margin-top-large:0px;--awb-spacing-right-large:1.92%;--awb-margin-bottom-large:30px;--awb-spacing-left-large:1.92%;--awb-width-medium:100%;--awb-order-medium:0;--awb-spacing-right-medium:1.92%;--awb-spacing-left-medium:1.92%;--awb-width-small:100%;--awb-order-small:0;--awb-spacing-right-small:1.92%;--awb-spacing-left-small:1.92%;\"><div class=\"fusion-column-wrapper fusion-column-has-shadow fusion-flex-justify-content-flex-start fusion-content-layout-column\"><div class=\"fusion-text fusion-text-1\" style=\"--awb-text-font-family:&quot;Montserrat&quot;;--awb-text-font-style:normal;--awb-text-font-weight:400;\"><p><strong>Politique de confidentialit\u00e9<\/strong><br \/>\n<span style=\"font-weight: 400;\">Mis \u00e0 jour le 9 f\u00e9vrier 2020.<\/span><\/p>\n<p><span style=\"font-weight: 400;\">Med-Rio respecte et reconna\u00eet l&rsquo;importance de votre vie priv\u00e9e. Cette politique de confidentialit\u00e9 a \u00e9t\u00e9 cr\u00e9\u00e9e suivant les meilleures pratiques internationales pour la protection des donn\u00e9es et vise \u00e0 clarifier comment vos donn\u00e9es seront trait\u00e9es et \u00e0 quelles fins elles le seront utilis\u00e9.<\/span><\/p>\n<p><span style=\"font-weight: 400;\">Cette politique de confidentialit\u00e9 est applicable \u00e0 toutes les personnes qui utilisent ou ont des contacts avec Med-Services Rio, en personne ou par voie \u00e9lectronique, y compris le site Web www.medrio.com.br et les applications Med-Rio pour appareils mobiles.<\/span><\/p>\n<p><strong>1. DONN\u00c9ES COLLECT\u00c9ES ET OBJET DU TRAITEMENT<\/strong><\/p>\n<p><span style=\"font-weight: 400;\">Sur la base de la l\u00e9gislation br\u00e9silienne en vigueur, en particulier la loi n \u00b0 13 709 du 14 ao\u00fbt 2018 (la \u00abloi g\u00e9n\u00e9rale sur la protection des donn\u00e9es\u00bb), les donn\u00e9es personnelles sont toutes les informations relatives \u00e0 la personne physique identifi\u00e9e ou identifiable. Vos donn\u00e9es personnelles peuvent \u00eatre collect\u00e9es comme suit:<\/span><\/p>\n<p><span style=\"font-weight: 400;\">Donn\u00e9es de navigation collect\u00e9es via notre site Web. Lors de votre visite sur notre site Web, nous utilisons des cookies et d&rsquo;autres outils technologiques pour collecter automatiquement les donn\u00e9es de navigation et d&rsquo;acc\u00e8s. Ces donn\u00e9es incluent, mais sans s&rsquo;y limiter, votre adresse IP, l&rsquo;identification de l&rsquo;appareil utilis\u00e9 pour la navigation (ID ou code IMEI), les \u00e9crans consult\u00e9s, la dur\u00e9e et l&rsquo;heure d&rsquo;acc\u00e8s et le comportement adopt\u00e9 lors de la navigation sur notre site Web.<\/span><\/p>\n<p><span style=\"font-weight: 400;\">Vous pourrez g\u00e9rer, dans votre navigateur, vos param\u00e8tres et pr\u00e9f\u00e9rences afin de restreindre l&rsquo;utilisation des cookies lors de l&rsquo;acc\u00e8s \u00e0 notre site Web. Cependant, cela peut emp\u00eacher le bon fonctionnement ou l&rsquo;acc\u00e8s \u00e0 certaines parties de notre site Web.<\/span><\/p>\n<p><span style=\"font-weight: 400;\">La collecte et le traitement de vos donn\u00e9es de navigation ne seront utilis\u00e9s que pour Med-Rio afin d&rsquo;am\u00e9liorer ses syst\u00e8mes de confidentialit\u00e9 et de s\u00e9curit\u00e9, et d&rsquo;am\u00e9liorer l&rsquo;interface et le contenu disponibles sur notre site Web, le rendant plus dynamique et efficace.<\/span><\/p>\n<p><span style=\"font-weight: 400;\">Donn\u00e9es fournies par vous. Nous collectons et stockons des informations qui vous identifient (telles que nom, adresse e-mail, soci\u00e9t\u00e9 o\u00f9 vous travaillez, adresse professionnelle, num\u00e9ro de t\u00e9l\u00e9phone de contact, donn\u00e9es financi\u00e8res pour la facturation, etc.) et des donn\u00e9es de sant\u00e9 (par exemple, groupe sanguin, ant\u00e9c\u00e9dents m\u00e9dicaux, m\u00e9dicaments \u00e0 usage r\u00e9gulier, informations sur les allergies, etc.). Ces informations sont fournies par vous \u00e0 Med-Rio en remplissant des formulaires, des formulaires d&rsquo;inscription et \/ ou en interagissant directement avec nous sur nos canaux de communication \u00e9lectroniques ou nos \u00e9tablissements physiques.<\/span><\/p>\n<p style=\"padding-left: 40px;\"><span style=\"font-weight: 400;\">Ces donn\u00e9es seront collect\u00e9es et trait\u00e9es, entre autres pour:<\/span><\/p>\n<ul>\n<li style=\"list-style-type: none;\">\n<ul>\n<li><span style=\"font-weight: 400;\"> Mener des activit\u00e9s contractuelles ou pr\u00e9contractuelles, y compris planifier des rendez-vous et des examens, organiser des rendez-vous et des examens, collecter des informations mat\u00e9rielles ou biologiques et fournir des r\u00e9sultats et des r\u00e9sultats de consultation et d&rsquo;examen;<\/span><\/li>\n<li><span style=\"font-weight: 400;\"> Le traitement, l&rsquo;\u00e9mission et la transmission des frais pour les services contract\u00e9s;<\/span><\/li>\n<li><span style=\"font-weight: 400;\"> \u00e0 d&rsquo;autres fins d\u00e9coulant strictement de notre prestation de services, y compris pour le respect d&rsquo;obligations l\u00e9gales ou r\u00e9glementaires;<\/span><\/li>\n<li><span style=\"font-weight: 400;\"> Vous envoyer des communications institutionnelles, des publications, des bulletins, des m\u00e9mos, des bulletins, du mat\u00e9riel promotionnel, des f\u00e9licitations pour les dates de comm\u00e9moration, des invitations, des rappels et des remerciements pour votre participation ou votre inscription \u00e0 nos activit\u00e9s;<\/span><\/li>\n<li><span style=\"font-weight: 400;\"> R\u00e9pondre aux demandes d&rsquo;informations et de services, y compris la gestion de vos donn\u00e9es personnelles selon les termes de la l\u00e9gislation en vigueur et de la pr\u00e9sente politique de confidentialit\u00e9;<\/span><\/li>\n<li><span style=\"font-weight: 400;\"> Am\u00e9liorer et am\u00e9liorer nos syst\u00e8mes de s\u00e9curit\u00e9 et de confidentialit\u00e9.<\/span><\/li>\n<\/ul>\n<\/li>\n<\/ul>\n<p><span style=\"font-weight: 400;\">Les donn\u00e9es de sant\u00e9 collect\u00e9es dans le cadre de nos activit\u00e9s seront utilis\u00e9es exclusivement par nos professionnels de la sant\u00e9 et assistants dans l&rsquo;exercice de leurs fonctions. Pour que ces donn\u00e9es soient utilis\u00e9es \u00e0 d&rsquo;autres fins ou partag\u00e9es avec des m\u00e9decins priv\u00e9s ou des employeurs, le client doit remplir et signer un formulaire de consentement sp\u00e9cifique.<\/span><\/p>\n<p><span style=\"font-weight: 400;\">Med-Rio ne vend en aucun cas les donn\u00e9es personnelles et ne partage pas vos donn\u00e9es personnelles avec des tiers \u00e0 des fins commerciales ou publicitaires, sauf dans des situations sp\u00e9cifiques avec le consentement expr\u00e8s et \u00e9clair\u00e9 de l&rsquo;utilisateur. Tout partage de donn\u00e9es effectu\u00e9 par Med-Rio dans le cadre des op\u00e9rations de stockage, de collecte et de traitement des donn\u00e9es est limit\u00e9 \u00e0 l&rsquo;ex\u00e9cution de nos activit\u00e9s et est limit\u00e9 aux fins \u00e9nonc\u00e9es dans la pr\u00e9sente politique de confidentialit\u00e9.<\/span><\/p>\n<p><span style=\"font-weight: 400;\">Si vous avez transmis vos donn\u00e9es personnelles (directement \u00e0 nous ou \u00e0 des agences de recrutement) pour postuler \u00e0 une offre d&#8217;emploi et \/ ou \u00e0 un stage, vos donn\u00e9es seront collect\u00e9es, trait\u00e9es et utilis\u00e9es uniquement pour composer notre base de donn\u00e9es et afin que, \u00e0 terme, nous puissions contacter vous et vous appeler pour participer \u00e0 nos processus de s\u00e9lection.<\/span><\/p>\n<p><span style=\"font-weight: 400;\">Vos donn\u00e9es personnelles peuvent \u00e9galement \u00eatre partag\u00e9es dans les cas express\u00e9ment pr\u00e9vus par la loi et avec les autorit\u00e9s publiques sur demande, \u00e0 condition que cette demande soit d\u00fbment fond\u00e9e sur la l\u00e9gislation applicable. <\/span><\/p>\n<p><strong><span style=\"font-size: 1rem;\">2. STOCKAGE DES DONN\u00c9ES ET DROITS DES TITULAIRES<\/span><\/strong><\/p>\n<p><span style=\"font-weight: 400;\">Le stockage de vos donn\u00e9es personnelles par Med-Rio se fera uniquement pendant le temps n\u00e9cessaire \u00e0 l&rsquo;accomplissement des finalit\u00e9s de collecte pr\u00e9vues dans la pr\u00e9sente politique de confidentialit\u00e9, sans pr\u00e9judice des obligations l\u00e9gales de conservation des donn\u00e9es pr\u00e9vues par la l\u00e9gislation en vigueur. Dans certains cas, nous pouvons stocker certaines informations de mani\u00e8re anonyme et sous une forme agr\u00e9g\u00e9e pour am\u00e9liorer nos services.<\/span><\/p>\n<p><span style=\"font-weight: 400;\">En tant que propri\u00e9taire des donn\u00e9es, vous aurez le droit de:<\/span><\/p>\n<ul>\n<li><span style=\"font-weight: 400;\"> Recevoir de notre part la confirmation que vos donn\u00e9es sont en cours de traitement et y acc\u00e9der;<\/span><\/li>\n<li><span style=\"font-weight: 400;\"> Corriger les donn\u00e9es incompl\u00e8tes, inexactes ou p\u00e9rim\u00e9es;<\/span><\/li>\n<li><span style=\"font-weight: 400;\"> Anonymisation, blocage ou \u00e9limination des donn\u00e9es inutiles, excessives ou trait\u00e9es en d\u00e9saccord avec la l\u00e9gislation en vigueur;<\/span><\/li>\n<li><span style=\"font-weight: 400;\"> Demander la portabilit\u00e9 de vos donn\u00e9es \u00e0 un autre fournisseur de services ou de produits, sur demande expresse et \u00e0 l&rsquo;exception des secrets commerciaux et industriels;<\/span><\/li>\n<li><span style=\"font-weight: 400;\"> Eliminer les donn\u00e9es trait\u00e9es avec votre consentement, sauf en cas de garde pour respect d&rsquo;une obligation l\u00e9gale;<\/span><\/li>\n<li><span style=\"font-weight: 400;\"> Recevoir des informations sur les entit\u00e9s auxquelles vos donn\u00e9es ont \u00e9t\u00e9 partag\u00e9es;<\/span><\/li>\n<li><span style=\"font-weight: 400;\"> Recevoir des informations sur la possibilit\u00e9 de ne pas donner son consentement et sur les cons\u00e9quences du refus;<\/span><\/li>\n<li><span style=\"font-weight: 400;\"> Effectuer la portabilit\u00e9 de vos donn\u00e9es personnelles, \u00e0 l&rsquo;exception des secrets d&rsquo;affaires; et<\/span><\/li>\n<li><span style=\"font-weight: 400;\"> R\u00e9voquer le consentement.<\/span><\/li>\n<\/ul>\n<p><span style=\"font-weight: 400;\">Si vous souhaitez exercer l&rsquo;un des droits pr\u00e9vus dans la pr\u00e9sente politique de confidentialit\u00e9 ou la l\u00e9gislation en vigueur, ou si vous ne souhaitez plus \/ choisissez de ne pas recevoir nos e-mails p\u00e9riodiques avec des communications institutionnelles ou promotionnelles, veuillez nous contacter par e-mail dpo @ medrio.com.br.<\/span><\/p>\n<p><strong><span style=\"font-size: 1rem;\">3. SITES DE TIERS<\/span><\/strong><\/p>\n<p><span style=\"font-weight: 400;\">\u00c9ventuellement, vous pouvez trouver sur notre site Web ou dans nos applications mobiles des liens vers des pages externes ou tierces. Ces pages ont leurs propres politiques de confidentialit\u00e9 et conditions d&rsquo;utilisation et n&rsquo;ont aucune relation avec Med-Rio.<\/span><\/p>\n<p><span style=\"font-weight: 400;\">Med-Rio n&rsquo;accepte, ne partage, ne souscrit, n&rsquo;int\u00e8gre, ne compl\u00e8te, ne surveille, ne valide ou n&rsquo;accepte, directement ou indirectement, la mani\u00e8re dont ces tiers traitent vos donn\u00e9es personnelles.<\/span><\/p>\n<p><strong><span style=\"font-size: 1rem;\">4. TRANSFERT INTERNATIONAL DE DONN\u00c9ES<\/span><\/strong><\/p>\n<p><span style=\"font-weight: 400;\">Med-Rio ne stocke ni n&rsquo;utilise vos donn\u00e9es en dehors du Br\u00e9sil, mais nos partenaires peuvent \u00e9ventuellement effectuer un certain type de traitement de donn\u00e9es \u00e0 l&rsquo;\u00e9tranger pour remplir leurs obligations contractuelles avec nous. Dans ces cas, Med-Rio exigera du partenaire qu&rsquo;il remplisse toutes les exigences de la loi br\u00e9silienne pour le transfert international de donn\u00e9es, en plus d&rsquo;exiger que le traitement des donn\u00e9es soit limit\u00e9 aux fins contract\u00e9es et soumis aux r\u00e8gles de la pr\u00e9sente politique de confidentialit\u00e9.<\/span><\/p>\n<p><strong><span style=\"font-size: 1rem;\">5. S\u00c9CURIT\u00c9 DE L&rsquo;INFORMATION<\/span><\/strong><\/p>\n<p><span style=\"font-weight: 400;\">Med-Rio s&rsquo;engage \u00e0 prot\u00e9ger vos donn\u00e9es personnelles, en faisant v\u00e9rifier la conformit\u00e9 des syst\u00e8mes avec les normes du march\u00e9 et en les surveillant, afin de garantir leur disponibilit\u00e9, int\u00e9grit\u00e9, confidentialit\u00e9 et authenticit\u00e9.<\/span><\/p>\n<p><span style=\"font-weight: 400;\">\u00c0 cette fin, nous avons une m\u00e9thodologie bas\u00e9e sur des processus, des personnes et des technologies qui guident la protection en couches de nos syst\u00e8mes, donn\u00e9es et r\u00e9seaux.<\/span><\/p>\n<p><span style=\"font-weight: 400;\">Med-Rio ne sera pas responsable des incidents avec des donn\u00e9es personnelles r\u00e9sultant d&rsquo;actions de tiers qui \u00e9chappent \u00e0 notre contr\u00f4le raisonnable, et qui ne peuvent \u00eatre \u00e9vit\u00e9s par l&rsquo;adoption de mesures de s\u00e9curit\u00e9, techniques et administratives raisonnablement adopt\u00e9es et disponibles sur le march\u00e9.<\/span><\/p>\n<p><strong><span style=\"font-size: 1rem;\">6. COMMUNICATIONS<\/span><\/strong><\/p>\n<p><span style=\"font-weight: 400;\">Si vous avez des questions, des suggestions, des r\u00e9clamations ou si vous souhaitez exercer l&rsquo;un de vos droits \u00e9nonc\u00e9s dans la pr\u00e9sente politique de confidentialit\u00e9 ou dans la l\u00e9gislation en vigueur, vous pouvez nous contacter par e-mail dpo@medrio.com.br.<\/span><\/p>\n<p><span style=\"font-weight: 400;\">Si vous ne souhaitez pas recevoir nos courriels institutionnels, veuillez nous envoyer un courriel \u00e0 <\/span><a href=\"mailto:dpo@medrio.com.br\"><span style=\"font-weight: 400;\">dpo@medrio.com.br<\/span><\/a><span style=\"font-weight: 400;\">.<\/span><\/p>\n<p><strong><span style=\"font-size: 1rem;\">7. MISES \u00c0 JOUR ET MODIFICATIONS DE LA POLITIQUE DE CONFIDENTIALIT\u00c9<\/span><\/strong><\/p>\n<p><span style=\"font-weight: 400;\">Les termes et conditions de cette politique de confidentialit\u00e9 seront mis \u00e0 jour p\u00e9riodiquement par Med-Rio. Si les changements entra\u00eenent un changement significatif des droits et \/ ou devoirs de Med-Rio ou des obligations pr\u00e9vues dans la pr\u00e9sente politique de confidentialit\u00e9, nous publierons un avis sur notre page, indiquant qu&rsquo;il y a eu une nouvelle mise \u00e0 jour. Nous pouvons \u00e9galement occasionnellement demander votre consentement comme condition d&rsquo;acc\u00e8s et d&rsquo;utilisation de notre site Web et de nos applications pour appareils mobiles et pour la fourniture de nos services.<\/span><\/p>\n<\/div><\/div><\/div><\/div><\/div>\n","protected":false},"excerpt":{"rendered":"","protected":false},"author":9,"featured_media":0,"parent":0,"menu_order":0,"comment_status":"closed","ping_status":"open","template":"100-width.php","meta":{"footnotes":""},"class_list":["post-2368","page","type-page","status-publish","hentry"],"yoast_head":"<!-- This site is optimized with the Yoast SEO plugin v23.4 - https:\/\/yoast.com\/wordpress\/plugins\/seo\/ -->\n<title>Politique de confidentialit\u00e9 - SP Check-up<\/title>\n<meta name=\"robots\" content=\"noindex, follow, max-snippet:-1, max-image-preview:large, max-video-preview:-1\" \/>\n<meta property=\"og:locale\" content=\"fr_FR\" \/>\n<meta property=\"og:type\" content=\"article\" \/>\n<meta property=\"og:title\" content=\"Politique de confidentialit\u00e9 - SP Check-up\" \/>\n<meta property=\"og:url\" content=\"https:\/\/medriocheck-up.com.br\/fr\/politica-de-privacidade\/\" \/>\n<meta property=\"og:site_name\" content=\"SP Check-up\" \/>\n<meta property=\"article:modified_time\" content=\"2023-06-27T13:48:31+00:00\" \/>\n<meta name=\"twitter:card\" content=\"summary_large_image\" \/>\n<meta name=\"twitter:label1\" content=\"Dur\u00e9e de lecture estim\u00e9e\" \/>\n\t<meta name=\"twitter:data1\" content=\"13 minutes\" \/>\n<script type=\"application\/ld+json\" class=\"yoast-schema-graph\">{\"@context\":\"https:\/\/schema.org\",\"@graph\":[{\"@type\":\"WebPage\",\"@id\":\"https:\/\/medriocheck-up.com.br\/fr\/politica-de-privacidade\/\",\"url\":\"https:\/\/medriocheck-up.com.br\/fr\/politica-de-privacidade\/\",\"name\":\"Politique de confidentialit\u00e9 - SP Check-up\",\"isPartOf\":{\"@id\":\"https:\/\/teste.spcheckup.com.br\/#website\"},\"datePublished\":\"2023-05-06T13:30:34+00:00\",\"dateModified\":\"2023-06-27T13:48:31+00:00\",\"breadcrumb\":{\"@id\":\"https:\/\/medriocheck-up.com.br\/fr\/politica-de-privacidade\/#breadcrumb\"},\"inLanguage\":\"fr-FR\",\"potentialAction\":[{\"@type\":\"ReadAction\",\"target\":[\"https:\/\/medriocheck-up.com.br\/fr\/politica-de-privacidade\/\"]}]},{\"@type\":\"BreadcrumbList\",\"@id\":\"https:\/\/medriocheck-up.com.br\/fr\/politica-de-privacidade\/#breadcrumb\",\"itemListElement\":[{\"@type\":\"ListItem\",\"position\":1,\"name\":\"In\u00edcio\",\"item\":\"https:\/\/teste.spcheckup.com.br\/fr\/\"},{\"@type\":\"ListItem\",\"position\":2,\"name\":\"Politique de confidentialit\u00e9\"}]},{\"@type\":\"WebSite\",\"@id\":\"https:\/\/teste.spcheckup.com.br\/#website\",\"url\":\"https:\/\/teste.spcheckup.com.br\/\",\"name\":\"SP Check-UP\",\"description\":\"O seu check-up m\u00e9dico. L\u00edder brasileira e especializada em medicina preventiva desde 1990, a Med-Rio Check-up j\u00e1 realizou mais de 160.000 check-ups m\u00e9dicos\",\"potentialAction\":[{\"@type\":\"SearchAction\",\"target\":{\"@type\":\"EntryPoint\",\"urlTemplate\":\"https:\/\/teste.spcheckup.com.br\/?s={search_term_string}\"},\"query-input\":{\"@type\":\"PropertyValueSpecification\",\"valueRequired\":true,\"valueName\":\"search_term_string\"}}],\"inLanguage\":\"fr-FR\"}]}<\/script>\n<!-- \/ Yoast SEO plugin. -->","yoast_head_json":{"title":"Politique de confidentialit\u00e9 - SP Check-up","robots":{"index":"noindex","follow":"follow","max-snippet":"max-snippet:-1","max-image-preview":"max-image-preview:large","max-video-preview":"max-video-preview:-1"},"og_locale":"fr_FR","og_type":"article","og_title":"Politique de confidentialit\u00e9 - SP Check-up","og_url":"https:\/\/medriocheck-up.com.br\/fr\/politica-de-privacidade\/","og_site_name":"SP Check-up","article_modified_time":"2023-06-27T13:48:31+00:00","twitter_card":"summary_large_image","twitter_misc":{"Dur\u00e9e de lecture estim\u00e9e":"13 minutes"},"schema":{"@context":"https:\/\/schema.org","@graph":[{"@type":"WebPage","@id":"https:\/\/medriocheck-up.com.br\/fr\/politica-de-privacidade\/","url":"https:\/\/medriocheck-up.com.br\/fr\/politica-de-privacidade\/","name":"Politique de confidentialit\u00e9 - SP Check-up","isPartOf":{"@id":"https:\/\/teste.spcheckup.com.br\/#website"},"datePublished":"2023-05-06T13:30:34+00:00","dateModified":"2023-06-27T13:48:31+00:00","breadcrumb":{"@id":"https:\/\/medriocheck-up.com.br\/fr\/politica-de-privacidade\/#breadcrumb"},"inLanguage":"fr-FR","potentialAction":[{"@type":"ReadAction","target":["https:\/\/medriocheck-up.com.br\/fr\/politica-de-privacidade\/"]}]},{"@type":"BreadcrumbList","@id":"https:\/\/medriocheck-up.com.br\/fr\/politica-de-privacidade\/#breadcrumb","itemListElement":[{"@type":"ListItem","position":1,"name":"In\u00edcio","item":"https:\/\/teste.spcheckup.com.br\/fr\/"},{"@type":"ListItem","position":2,"name":"Politique de confidentialit\u00e9"}]},{"@type":"WebSite","@id":"https:\/\/teste.spcheckup.com.br\/#website","url":"https:\/\/teste.spcheckup.com.br\/","name":"SP Check-UP","description":"O seu check-up m\u00e9dico. L\u00edder brasileira e especializada em medicina preventiva desde 1990, a Med-Rio Check-up j\u00e1 realizou mais de 160.000 check-ups m\u00e9dicos","potentialAction":[{"@type":"SearchAction","target":{"@type":"EntryPoint","urlTemplate":"https:\/\/teste.spcheckup.com.br\/?s={search_term_string}"},"query-input":{"@type":"PropertyValueSpecification","valueRequired":true,"valueName":"search_term_string"}}],"inLanguage":"fr-FR"}]}},"_links":{"self":[{"href":"https:\/\/teste.spcheckup.com.br\/fr\/wp-json\/wp\/v2\/pages\/2368","targetHints":{"allow":["GET"]}}],"collection":[{"href":"https:\/\/teste.spcheckup.com.br\/fr\/wp-json\/wp\/v2\/pages"}],"about":[{"href":"https:\/\/teste.spcheckup.com.br\/fr\/wp-json\/wp\/v2\/types\/page"}],"author":[{"embeddable":true,"href":"https:\/\/teste.spcheckup.com.br\/fr\/wp-json\/wp\/v2\/users\/9"}],"replies":[{"embeddable":true,"href":"https:\/\/teste.spcheckup.com.br\/fr\/wp-json\/wp\/v2\/comments?post=2368"}],"version-history":[{"count":0,"href":"https:\/\/teste.spcheckup.com.br\/fr\/wp-json\/wp\/v2\/pages\/2368\/revisions"}],"wp:attachment":[{"href":"https:\/\/teste.spcheckup.com.br\/fr\/wp-json\/wp\/v2\/media?parent=2368"}],"curies":[{"name":"wp","href":"https:\/\/api.w.org\/{rel}","templated":true}]}}