{"id":8108,"date":"2024-09-17T21:41:31","date_gmt":"2024-09-18T00:41:31","guid":{"rendered":"https:\/\/teste.spcheckup.com.br\/projet-social\/"},"modified":"2024-09-17T21:41:31","modified_gmt":"2024-09-18T00:41:31","slug":"projet-social","status":"publish","type":"page","link":"https:\/\/teste.spcheckup.com.br\/fr\/projet-social\/","title":{"rendered":"Projet Social"},"content":{"rendered":"<div class=\"fusion-fullwidth fullwidth-box fusion-builder-row-1 fusion-flex-container has-pattern-background has-mask-background nonhundred-percent-fullwidth non-hundred-percent-height-scrolling\" style=\"--awb-border-radius-top-left:0px;--awb-border-radius-top-right:0px;--awb-border-radius-bottom-right:0px;--awb-border-radius-bottom-left:0px;\" ><div class=\"fusion-builder-row fusion-row fusion-flex-align-items-flex-start\" style=\"max-width:1216.8px;margin-left: calc(-4% \/ 2 );margin-right: calc(-4% \/ 2 );\"><div class=\"fusion-layout-column fusion_builder_column fusion-builder-column-0 fusion_builder_column_1_1 1_1 fusion-flex-column\" style=\"--awb-bg-size:cover;--awb-width-large:100%;--awb-margin-top-large:0px;--awb-spacing-right-large:1.92%;--awb-margin-bottom-large:30px;--awb-spacing-left-large:1.92%;--awb-width-medium:100%;--awb-order-medium:0;--awb-spacing-right-medium:1.92%;--awb-spacing-left-medium:1.92%;--awb-width-small:100%;--awb-order-small:0;--awb-spacing-right-small:1.92%;--awb-spacing-left-small:1.92%;\"><div class=\"fusion-column-wrapper fusion-column-has-shadow fusion-flex-justify-content-flex-start fusion-content-layout-column\"><div class=\"fusion-text fusion-text-1\" style=\"--awb-text-font-family:&quot;Montserrat&quot;;--awb-text-font-style:normal;--awb-text-font-weight:400;\"><p><strong>Projet \u201cLa Musique : Le Plus Haut de l\u2019Art\u201d<\/strong><\/p>\n<p>Med-Rio Check-up a l&rsquo;honneur de souligner son engagement envers la responsabilit\u00e9 sociale \u00e0 travers le soutien au projet \u201cLa Musique : Le Plus Haut de l\u2019Art\u201d. Nous reconnaissons l&rsquo;importance de contribuer \u00e0 la communaut\u00e9, notamment en encourageant le talent et l&rsquo;expression artistique de jeunes musiciens br\u00e9siliens.<\/p>\n<p><img decoding=\"async\" class=\"lazyload aligncenter size-fusion-600 wp-image-7589\" src=\"https:\/\/teste.spcheckup.com.br\/wp-content\/uploads\/2024\/02\/20240201_151340-600x280.jpg\" data-orig-src=\"https:\/\/teste.spcheckup.com.br\/wp-content\/uploads\/2024\/02\/20240201_151340-600x280.jpg\" alt=\"\" width=\"600\" height=\"280\" srcset=\"data:image\/svg+xml,%3Csvg%20xmlns%3D%27http%3A%2F%2Fwww.w3.org%2F2000%2Fsvg%27%20width%3D%27600%27%20height%3D%27280%27%20viewBox%3D%270%200%20600%20280%27%3E%3Crect%20width%3D%27600%27%20height%3D%27280%27%20fill-opacity%3D%220%22%2F%3E%3C%2Fsvg%3E\" data-srcset=\"https:\/\/teste.spcheckup.com.br\/wp-content\/uploads\/2024\/02\/20240201_151340-200x93.jpg 200w, https:\/\/teste.spcheckup.com.br\/wp-content\/uploads\/2024\/02\/20240201_151340-300x140.jpg 300w, https:\/\/teste.spcheckup.com.br\/wp-content\/uploads\/2024\/02\/20240201_151340-400x187.jpg 400w, https:\/\/teste.spcheckup.com.br\/wp-content\/uploads\/2024\/02\/20240201_151340-600x280.jpg 600w, https:\/\/teste.spcheckup.com.br\/wp-content\/uploads\/2024\/02\/20240201_151340-768x359.jpg 768w, https:\/\/teste.spcheckup.com.br\/wp-content\/uploads\/2024\/02\/20240201_151340-800x374.jpg 800w, https:\/\/teste.spcheckup.com.br\/wp-content\/uploads\/2024\/02\/20240201_151340-1024x478.jpg 1024w, https:\/\/teste.spcheckup.com.br\/wp-content\/uploads\/2024\/02\/20240201_151340-1200x560.jpg 1200w, https:\/\/teste.spcheckup.com.br\/wp-content\/uploads\/2024\/02\/20240201_151340-1536x717.jpg 1536w\" data-sizes=\"auto\" data-orig-sizes=\"(max-width: 600px) 100vw, 600px\" \/><\/p>\n<p>En partenariat avec des musiciens talentueux, Med-Rio Check-up offre une exp\u00e9rience unique lors des bilans m\u00e9dicaux. Nous croyons que la musique a le pouvoir de d\u00e9tendre, de r\u00e9jouir et de cr\u00e9er un environnement positif pour nos patients.<\/p>\n<p><img decoding=\"async\" class=\"lazyload aligncenter size-fusion-600 wp-image-7601\" src=\"https:\/\/teste.spcheckup.com.br\/wp-content\/uploads\/2024\/02\/20240125_152344-600x280.jpg\" data-orig-src=\"https:\/\/teste.spcheckup.com.br\/wp-content\/uploads\/2024\/02\/20240125_152344-600x280.jpg\" alt=\"\" width=\"600\" height=\"280\" srcset=\"data:image\/svg+xml,%3Csvg%20xmlns%3D%27http%3A%2F%2Fwww.w3.org%2F2000%2Fsvg%27%20width%3D%27600%27%20height%3D%27280%27%20viewBox%3D%270%200%20600%20280%27%3E%3Crect%20width%3D%27600%27%20height%3D%27280%27%20fill-opacity%3D%220%22%2F%3E%3C%2Fsvg%3E\" data-srcset=\"https:\/\/teste.spcheckup.com.br\/wp-content\/uploads\/2024\/02\/20240125_152344-200x93.jpg 200w, https:\/\/teste.spcheckup.com.br\/wp-content\/uploads\/2024\/02\/20240125_152344-300x140.jpg 300w, https:\/\/teste.spcheckup.com.br\/wp-content\/uploads\/2024\/02\/20240125_152344-400x187.jpg 400w, https:\/\/teste.spcheckup.com.br\/wp-content\/uploads\/2024\/02\/20240125_152344-600x280.jpg 600w, https:\/\/teste.spcheckup.com.br\/wp-content\/uploads\/2024\/02\/20240125_152344-768x359.jpg 768w, https:\/\/teste.spcheckup.com.br\/wp-content\/uploads\/2024\/02\/20240125_152344-800x374.jpg 800w, https:\/\/teste.spcheckup.com.br\/wp-content\/uploads\/2024\/02\/20240125_152344-1024x478.jpg 1024w, https:\/\/teste.spcheckup.com.br\/wp-content\/uploads\/2024\/02\/20240125_152344-1200x560.jpg 1200w, https:\/\/teste.spcheckup.com.br\/wp-content\/uploads\/2024\/02\/20240125_152344-1536x717.jpg 1536w\" data-sizes=\"auto\" data-orig-sizes=\"(max-width: 600px) 100vw, 600px\" \/><\/p>\n<p>En participant au projet \u201cLa Musique : Le Plus Haut de l\u2019Art\u201d, les clients de Med-Rio Check-up ont l&rsquo;opportunit\u00e9 de profiter d&rsquo;un r\u00e9pertoire soigneusement s\u00e9lectionn\u00e9, pr\u00e9sent\u00e9 par de jeunes musiciens talentueux. Nous nous engageons \u00e0 offrir non seulement des services de sant\u00e9 de haute qualit\u00e9, mais aussi \u00e0 cr\u00e9er des exp\u00e9riences qui favorisent le bien-\u00eatre \u00e9motionnel de nos patients.<\/p>\n<p><img decoding=\"async\" class=\"lazyload aligncenter size-fusion-600 wp-image-7593\" src=\"https:\/\/teste.spcheckup.com.br\/wp-content\/uploads\/2024\/02\/20240130_154926-600x280.jpg\" data-orig-src=\"https:\/\/teste.spcheckup.com.br\/wp-content\/uploads\/2024\/02\/20240130_154926-600x280.jpg\" alt=\"\" width=\"600\" height=\"280\" srcset=\"data:image\/svg+xml,%3Csvg%20xmlns%3D%27http%3A%2F%2Fwww.w3.org%2F2000%2Fsvg%27%20width%3D%27600%27%20height%3D%27280%27%20viewBox%3D%270%200%20600%20280%27%3E%3Crect%20width%3D%27600%27%20height%3D%27280%27%20fill-opacity%3D%220%22%2F%3E%3C%2Fsvg%3E\" data-srcset=\"https:\/\/teste.spcheckup.com.br\/wp-content\/uploads\/2024\/02\/20240130_154926-200x93.jpg 200w, https:\/\/teste.spcheckup.com.br\/wp-content\/uploads\/2024\/02\/20240130_154926-300x140.jpg 300w, https:\/\/teste.spcheckup.com.br\/wp-content\/uploads\/2024\/02\/20240130_154926-400x187.jpg 400w, https:\/\/teste.spcheckup.com.br\/wp-content\/uploads\/2024\/02\/20240130_154926-600x280.jpg 600w, https:\/\/teste.spcheckup.com.br\/wp-content\/uploads\/2024\/02\/20240130_154926-768x358.jpg 768w, https:\/\/teste.spcheckup.com.br\/wp-content\/uploads\/2024\/02\/20240130_154926-800x373.jpg 800w, https:\/\/teste.spcheckup.com.br\/wp-content\/uploads\/2024\/02\/20240130_154926-1024x478.jpg 1024w, https:\/\/teste.spcheckup.com.br\/wp-content\/uploads\/2024\/02\/20240130_154926-1200x560.jpg 1200w, https:\/\/teste.spcheckup.com.br\/wp-content\/uploads\/2024\/02\/20240130_154926-1536x716.jpg 1536w\" data-sizes=\"auto\" data-orig-sizes=\"(max-width: 600px) 100vw, 600px\" \/><\/p>\n<p>Nous invitons tous nos clients \u00e0 participer activement en sugg\u00e9rant des morceaux de leur choix et en contribuant \u00e0 la cr\u00e9ation d&rsquo;un environnement accueillant et inspirant.<\/p>\n<p><img decoding=\"async\" class=\"lazyload aligncenter size-fusion-600 wp-image-7609\" src=\"https:\/\/teste.spcheckup.com.br\/wp-content\/uploads\/2024\/02\/20240124_155627-1-600x280.jpg\" data-orig-src=\"https:\/\/teste.spcheckup.com.br\/wp-content\/uploads\/2024\/02\/20240124_155627-1-600x280.jpg\" alt=\"\" width=\"600\" height=\"280\" srcset=\"data:image\/svg+xml,%3Csvg%20xmlns%3D%27http%3A%2F%2Fwww.w3.org%2F2000%2Fsvg%27%20width%3D%27600%27%20height%3D%27280%27%20viewBox%3D%270%200%20600%20280%27%3E%3Crect%20width%3D%27600%27%20height%3D%27280%27%20fill-opacity%3D%220%22%2F%3E%3C%2Fsvg%3E\" data-srcset=\"https:\/\/teste.spcheckup.com.br\/wp-content\/uploads\/2024\/02\/20240124_155627-1-200x93.jpg 200w, https:\/\/teste.spcheckup.com.br\/wp-content\/uploads\/2024\/02\/20240124_155627-1-300x140.jpg 300w, https:\/\/teste.spcheckup.com.br\/wp-content\/uploads\/2024\/02\/20240124_155627-1-400x187.jpg 400w, https:\/\/teste.spcheckup.com.br\/wp-content\/uploads\/2024\/02\/20240124_155627-1-600x280.jpg 600w, https:\/\/teste.spcheckup.com.br\/wp-content\/uploads\/2024\/02\/20240124_155627-1-768x359.jpg 768w, https:\/\/teste.spcheckup.com.br\/wp-content\/uploads\/2024\/02\/20240124_155627-1-800x374.jpg 800w, https:\/\/teste.spcheckup.com.br\/wp-content\/uploads\/2024\/02\/20240124_155627-1-1024x478.jpg 1024w, https:\/\/teste.spcheckup.com.br\/wp-content\/uploads\/2024\/02\/20240124_155627-1-1200x560.jpg 1200w, https:\/\/teste.spcheckup.com.br\/wp-content\/uploads\/2024\/02\/20240124_155627-1-1536x717.jpg 1536w\" data-sizes=\"auto\" data-orig-sizes=\"(max-width: 600px) 100vw, 600px\" \/><\/p>\n<p>Chez Med-Rio Check-up, nous croyons que la responsabilit\u00e9 sociale va au-del\u00e0 des soins m\u00e9dicaux ; il s&rsquo;agit d&rsquo;enrichir la vie des gens et de soutenir le d\u00e9veloppement de la communaut\u00e9.<\/p>\n<p><img decoding=\"async\" class=\"lazyload aligncenter size-fusion-600 wp-image-7613\" src=\"https:\/\/teste.spcheckup.com.br\/wp-content\/uploads\/2024\/02\/20240131_104355-600x280.jpg\" data-orig-src=\"https:\/\/teste.spcheckup.com.br\/wp-content\/uploads\/2024\/02\/20240131_104355-600x280.jpg\" alt=\"\" width=\"600\" height=\"280\" srcset=\"data:image\/svg+xml,%3Csvg%20xmlns%3D%27http%3A%2F%2Fwww.w3.org%2F2000%2Fsvg%27%20width%3D%27600%27%20height%3D%27280%27%20viewBox%3D%270%200%20600%20280%27%3E%3Crect%20width%3D%27600%27%20height%3D%27280%27%20fill-opacity%3D%220%22%2F%3E%3C%2Fsvg%3E\" data-srcset=\"https:\/\/teste.spcheckup.com.br\/wp-content\/uploads\/2024\/02\/20240131_104355-200x93.jpg 200w, https:\/\/teste.spcheckup.com.br\/wp-content\/uploads\/2024\/02\/20240131_104355-300x140.jpg 300w, https:\/\/teste.spcheckup.com.br\/wp-content\/uploads\/2024\/02\/20240131_104355-400x187.jpg 400w, https:\/\/teste.spcheckup.com.br\/wp-content\/uploads\/2024\/02\/20240131_104355-600x280.jpg 600w, https:\/\/teste.spcheckup.com.br\/wp-content\/uploads\/2024\/02\/20240131_104355-768x359.jpg 768w, https:\/\/teste.spcheckup.com.br\/wp-content\/uploads\/2024\/02\/20240131_104355-800x374.jpg 800w, https:\/\/teste.spcheckup.com.br\/wp-content\/uploads\/2024\/02\/20240131_104355-1024x478.jpg 1024w, https:\/\/teste.spcheckup.com.br\/wp-content\/uploads\/2024\/02\/20240131_104355-1200x560.jpg 1200w, https:\/\/teste.spcheckup.com.br\/wp-content\/uploads\/2024\/02\/20240131_104355-1536x717.jpg 1536w\" data-sizes=\"auto\" data-orig-sizes=\"(max-width: 600px) 100vw, 600px\" \/><\/p>\n<\/div><\/div><\/div><\/div><\/div>\n","protected":false},"excerpt":{"rendered":"","protected":false},"author":9,"featured_media":0,"parent":0,"menu_order":0,"comment_status":"closed","ping_status":"open","template":"100-width.php","meta":{"footnotes":""},"class_list":["post-8108","page","type-page","status-publish","hentry"],"yoast_head":"<!-- This site is optimized with the Yoast SEO plugin v23.4 - https:\/\/yoast.com\/wordpress\/plugins\/seo\/ -->\n<title>Projet Social - SP Check-up<\/title>\n<meta name=\"robots\" content=\"noindex, follow, max-snippet:-1, max-image-preview:large, max-video-preview:-1\" \/>\n<meta property=\"og:locale\" content=\"fr_FR\" \/>\n<meta property=\"og:type\" content=\"article\" \/>\n<meta property=\"og:title\" content=\"Projet Social - SP Check-up\" \/>\n<meta property=\"og:url\" content=\"https:\/\/medriocheck-up.com.br\/responsabilidade-social\/\" \/>\n<meta property=\"og:site_name\" content=\"SP Check-up\" \/>\n<meta property=\"og:image\" content=\"https:\/\/medriocheck-up.com.br\/wp-content\/uploads\/2024\/02\/20240201_151340-600x280.jpg\" \/>\n<meta name=\"twitter:card\" content=\"summary_large_image\" \/>\n<meta name=\"twitter:label1\" content=\"Dur\u00e9e de lecture estim\u00e9e\" \/>\n\t<meta name=\"twitter:data1\" content=\"6 minutes\" \/>\n<script type=\"application\/ld+json\" class=\"yoast-schema-graph\">{\"@context\":\"https:\/\/schema.org\",\"@graph\":[{\"@type\":\"WebPage\",\"@id\":\"https:\/\/medriocheck-up.com.br\/responsabilidade-social\/\",\"url\":\"https:\/\/medriocheck-up.com.br\/responsabilidade-social\/\",\"name\":\"Projet Social - SP Check-up\",\"isPartOf\":{\"@id\":\"https:\/\/teste.spcheckup.com.br\/#website\"},\"primaryImageOfPage\":{\"@id\":\"https:\/\/medriocheck-up.com.br\/responsabilidade-social\/#primaryimage\"},\"image\":{\"@id\":\"https:\/\/medriocheck-up.com.br\/responsabilidade-social\/#primaryimage\"},\"thumbnailUrl\":\"https:\/\/teste.spcheckup.com.br\/wp-content\/uploads\/2024\/02\/20240201_151340-600x280.jpg\",\"datePublished\":\"2024-09-18T00:41:31+00:00\",\"dateModified\":\"2024-09-18T00:41:31+00:00\",\"breadcrumb\":{\"@id\":\"https:\/\/medriocheck-up.com.br\/responsabilidade-social\/#breadcrumb\"},\"inLanguage\":\"fr-FR\",\"potentialAction\":[{\"@type\":\"ReadAction\",\"target\":[\"https:\/\/medriocheck-up.com.br\/responsabilidade-social\/\"]}]},{\"@type\":\"ImageObject\",\"inLanguage\":\"fr-FR\",\"@id\":\"https:\/\/medriocheck-up.com.br\/responsabilidade-social\/#primaryimage\",\"url\":\"https:\/\/teste.spcheckup.com.br\/wp-content\/uploads\/2024\/02\/20240201_151340-600x280.jpg\",\"contentUrl\":\"https:\/\/teste.spcheckup.com.br\/wp-content\/uploads\/2024\/02\/20240201_151340-600x280.jpg\"},{\"@type\":\"BreadcrumbList\",\"@id\":\"https:\/\/medriocheck-up.com.br\/responsabilidade-social\/#breadcrumb\",\"itemListElement\":[{\"@type\":\"ListItem\",\"position\":1,\"name\":\"In\u00edcio\",\"item\":\"https:\/\/teste.spcheckup.com.br\/fr\/\"},{\"@type\":\"ListItem\",\"position\":2,\"name\":\"Projet Social\"}]},{\"@type\":\"WebSite\",\"@id\":\"https:\/\/teste.spcheckup.com.br\/#website\",\"url\":\"https:\/\/teste.spcheckup.com.br\/\",\"name\":\"SP Check-UP\",\"description\":\"O seu check-up m\u00e9dico. L\u00edder brasileira e especializada em medicina preventiva desde 1990, a Med-Rio Check-up j\u00e1 realizou mais de 160.000 check-ups m\u00e9dicos\",\"potentialAction\":[{\"@type\":\"SearchAction\",\"target\":{\"@type\":\"EntryPoint\",\"urlTemplate\":\"https:\/\/teste.spcheckup.com.br\/?s={search_term_string}\"},\"query-input\":{\"@type\":\"PropertyValueSpecification\",\"valueRequired\":true,\"valueName\":\"search_term_string\"}}],\"inLanguage\":\"fr-FR\"}]}<\/script>\n<!-- \/ Yoast SEO plugin. -->","yoast_head_json":{"title":"Projet Social - SP Check-up","robots":{"index":"noindex","follow":"follow","max-snippet":"max-snippet:-1","max-image-preview":"max-image-preview:large","max-video-preview":"max-video-preview:-1"},"og_locale":"fr_FR","og_type":"article","og_title":"Projet Social - SP Check-up","og_url":"https:\/\/medriocheck-up.com.br\/responsabilidade-social\/","og_site_name":"SP Check-up","og_image":[{"url":"https:\/\/medriocheck-up.com.br\/wp-content\/uploads\/2024\/02\/20240201_151340-600x280.jpg"}],"twitter_card":"summary_large_image","twitter_misc":{"Dur\u00e9e de lecture estim\u00e9e":"6 minutes"},"schema":{"@context":"https:\/\/schema.org","@graph":[{"@type":"WebPage","@id":"https:\/\/medriocheck-up.com.br\/responsabilidade-social\/","url":"https:\/\/medriocheck-up.com.br\/responsabilidade-social\/","name":"Projet Social - SP Check-up","isPartOf":{"@id":"https:\/\/teste.spcheckup.com.br\/#website"},"primaryImageOfPage":{"@id":"https:\/\/medriocheck-up.com.br\/responsabilidade-social\/#primaryimage"},"image":{"@id":"https:\/\/medriocheck-up.com.br\/responsabilidade-social\/#primaryimage"},"thumbnailUrl":"https:\/\/teste.spcheckup.com.br\/wp-content\/uploads\/2024\/02\/20240201_151340-600x280.jpg","datePublished":"2024-09-18T00:41:31+00:00","dateModified":"2024-09-18T00:41:31+00:00","breadcrumb":{"@id":"https:\/\/medriocheck-up.com.br\/responsabilidade-social\/#breadcrumb"},"inLanguage":"fr-FR","potentialAction":[{"@type":"ReadAction","target":["https:\/\/medriocheck-up.com.br\/responsabilidade-social\/"]}]},{"@type":"ImageObject","inLanguage":"fr-FR","@id":"https:\/\/medriocheck-up.com.br\/responsabilidade-social\/#primaryimage","url":"https:\/\/teste.spcheckup.com.br\/wp-content\/uploads\/2024\/02\/20240201_151340-600x280.jpg","contentUrl":"https:\/\/teste.spcheckup.com.br\/wp-content\/uploads\/2024\/02\/20240201_151340-600x280.jpg"},{"@type":"BreadcrumbList","@id":"https:\/\/medriocheck-up.com.br\/responsabilidade-social\/#breadcrumb","itemListElement":[{"@type":"ListItem","position":1,"name":"In\u00edcio","item":"https:\/\/teste.spcheckup.com.br\/fr\/"},{"@type":"ListItem","position":2,"name":"Projet Social"}]},{"@type":"WebSite","@id":"https:\/\/teste.spcheckup.com.br\/#website","url":"https:\/\/teste.spcheckup.com.br\/","name":"SP Check-UP","description":"O seu check-up m\u00e9dico. L\u00edder brasileira e especializada em medicina preventiva desde 1990, a Med-Rio Check-up j\u00e1 realizou mais de 160.000 check-ups m\u00e9dicos","potentialAction":[{"@type":"SearchAction","target":{"@type":"EntryPoint","urlTemplate":"https:\/\/teste.spcheckup.com.br\/?s={search_term_string}"},"query-input":{"@type":"PropertyValueSpecification","valueRequired":true,"valueName":"search_term_string"}}],"inLanguage":"fr-FR"}]}},"_links":{"self":[{"href":"https:\/\/teste.spcheckup.com.br\/fr\/wp-json\/wp\/v2\/pages\/8108","targetHints":{"allow":["GET"]}}],"collection":[{"href":"https:\/\/teste.spcheckup.com.br\/fr\/wp-json\/wp\/v2\/pages"}],"about":[{"href":"https:\/\/teste.spcheckup.com.br\/fr\/wp-json\/wp\/v2\/types\/page"}],"author":[{"embeddable":true,"href":"https:\/\/teste.spcheckup.com.br\/fr\/wp-json\/wp\/v2\/users\/9"}],"replies":[{"embeddable":true,"href":"https:\/\/teste.spcheckup.com.br\/fr\/wp-json\/wp\/v2\/comments?post=8108"}],"version-history":[{"count":2,"href":"https:\/\/teste.spcheckup.com.br\/fr\/wp-json\/wp\/v2\/pages\/8108\/revisions"}],"predecessor-version":[{"id":8110,"href":"https:\/\/teste.spcheckup.com.br\/fr\/wp-json\/wp\/v2\/pages\/8108\/revisions\/8110"}],"wp:attachment":[{"href":"https:\/\/teste.spcheckup.com.br\/fr\/wp-json\/wp\/v2\/media?parent=8108"}],"curies":[{"name":"wp","href":"https:\/\/api.w.org\/{rel}","templated":true}]}}